{"id":8,"date":"2025-04-02T04:55:59","date_gmt":"2025-04-02T04:55:59","guid":{"rendered":"https:\/\/kuechenhandwerk.com\/?page_id=8"},"modified":"2025-04-02T07:51:56","modified_gmt":"2025-04-02T07:51:56","slug":"landing-page","status":"publish","type":"page","link":"https:\/\/kuechenhandwerk.com\/","title":{"rendered":"Landing Page"},"content":{"rendered":"\n<section id=\"g-73jbfa9\" class=\"wp-block-gutentor-m3 alignfull section-g-73jbfa9 gutentor-module gutentor-container-cover has-image-bg has-custom-bg\"><div class=\"grid-container gutentor-rm-ct-space-d gutentor-rm-ct-space-t gutentor-rm-ct-space\">\n<section id=\"g-i1zol6e\" class=\"wp-block-gutentor-m3 section-g-i1zol6e gutentor-module gutentor-container-cover\"><div class=\"grid-container\">\n<div style=\"height:52px\" aria-hidden=\"true\" class=\"wp-block-spacer\"><\/div>\n\n\n<div class=\"wp-block-image\">\n<figure class=\"aligncenter size-full is-resized\"><img loading=\"lazy\" decoding=\"async\" width=\"700\" height=\"643\" src=\"https:\/\/kuechenhandwerk.com\/wp-content\/uploads\/2025\/04\/logomaria.png\" alt=\"\" class=\"wp-image-28\" style=\"width:676px;height:auto\" srcset=\"https:\/\/kuechenhandwerk.com\/wp-content\/uploads\/2025\/04\/logomaria.png 700w, https:\/\/kuechenhandwerk.com\/wp-content\/uploads\/2025\/04\/logomaria-300x276.png 300w\" sizes=\"auto, (max-width: 700px) 100vw, 700px\" \/><\/figure>\n<\/div>\n\n\n<div style=\"height:52px\" aria-hidden=\"true\" class=\"wp-block-spacer\"><\/div>\n<\/div><\/section>\n<\/div><\/section>\n\n\n\n<section id=\"g-l1nhoo8\" class=\"wp-block-gutentor-m3 alignfull section-g-l1nhoo8 gutentor-module gutentor-container-cover has-image-bg has-custom-bg\"><div class=\"grid-container gutentor-rm-ct-space-d gutentor-rm-ct-space-t gutentor-rm-ct-space\">\n<section id=\"g-crrlsln\" class=\"wp-block-gutentor-m3 section-g-crrlsln gutentor-module gutentor-container-cover\"><div class=\"grid-container\">\n<div style=\"height:85px\" aria-hidden=\"true\" class=\"wp-block-spacer\"><\/div>\n\n\n\n<div class=\"wp-block-columns is-layout-flex wp-container-core-columns-is-layout-9d6595d7 wp-block-columns-is-layout-flex\">\n<div class=\"wp-block-column is-layout-flow wp-block-column-is-layout-flow\">\n<figure class=\"wp-block-image size-full is-resized has-custom-border\"><img loading=\"lazy\" decoding=\"async\" width=\"738\" height=\"1000\" src=\"https:\/\/kuechenhandwerk.com\/wp-content\/uploads\/2025\/04\/maria-rosenberger-copyright-KASTNER-media.jpg\" alt=\"\" class=\"wp-image-24\" style=\"border-radius:45px;width:507px;height:auto\" srcset=\"https:\/\/kuechenhandwerk.com\/wp-content\/uploads\/2025\/04\/maria-rosenberger-copyright-KASTNER-media.jpg 738w, https:\/\/kuechenhandwerk.com\/wp-content\/uploads\/2025\/04\/maria-rosenberger-copyright-KASTNER-media-221x300.jpg 221w\" sizes=\"auto, (max-width: 738px) 100vw, 738px\" \/><\/figure>\n<\/div>\n\n\n\n<div class=\"wp-block-column is-layout-flow wp-block-column-is-layout-flow\">\n<h2 class=\"wp-block-heading\">Maria Rosenberger<\/h2>\n\n\n\n<p>ist das Herz und die Seele von Maria\u2018s K\u00fcchenhandwerk. Als leidenschaftliche K\u00f6chin und Gastgeberin in Wei\u00dfenkirchen in der Wachau, bringt sie ihre jahrzehntelange Erfahrung in all die handgemachten Produkten ein. Ihr Engagement f\u00fcr regionale Zutaten und traditionelle Zubereitungsmethoden spiegelt sich in den K\u00f6stlichkeiten wider, die die einzigartigen Aromen der Wachau auf den Tisch bringen.<\/p>\n\n\n\n<p>\u201eAls begeisterte Wachauerin liegen mir starke regionale Wurzeln und die enge Zusammenarbeit mit lokalen Lieferanten am Herzen.<br>Dies schmeckt man und minimiert unser aller \u00f6kologischen Fu\u00dfabdruck.\u201c<\/p>\n\n\n\n<figure class=\"wp-block-image size-full is-resized\"><img loading=\"lazy\" decoding=\"async\" width=\"261\" height=\"350\" src=\"https:\/\/kuechenhandwerk.com\/wp-content\/uploads\/2025\/04\/mariaunt.png\" alt=\"\" class=\"wp-image-21\" style=\"width:161px;height:auto\" srcset=\"https:\/\/kuechenhandwerk.com\/wp-content\/uploads\/2025\/04\/mariaunt.png 261w, https:\/\/kuechenhandwerk.com\/wp-content\/uploads\/2025\/04\/mariaunt-224x300.png 224w\" sizes=\"auto, (max-width: 261px) 100vw, 261px\" \/><\/figure>\n<\/div>\n<\/div>\n\n\n\n<div style=\"height:85px\" aria-hidden=\"true\" class=\"wp-block-spacer\"><\/div>\n<\/div><\/section>\n<\/div><\/section>\n\n\n\n<section id=\"g-dslsnlg\" class=\"wp-block-gutentor-m3 alignfull section-g-dslsnlg gutentor-module gutentor-container-cover has-image-bg has-custom-bg\"><div class=\"grid-container gutentor-rm-ct-space-d gutentor-rm-ct-space-t gutentor-rm-ct-space\">\n<section id=\"g-i7m9ims\" class=\"wp-block-gutentor-m3 section-g-i7m9ims gutentor-module gutentor-container-cover\"><div class=\"grid-container\"><\/div><\/section>\n<\/div><\/section>\n\n\n\n<section id=\"g-h9hpp7i\" class=\"wp-block-gutentor-m3 alignfull section-g-h9hpp7i gutentor-module gutentor-container-cover has-image-bg has-custom-bg\"><div class=\"grid-container gutentor-rm-ct-space-d gutentor-rm-ct-space-t gutentor-rm-ct-space\">\n<section id=\"g-2arhspu\" class=\"wp-block-gutentor-m3 section-g-2arhspu gutentor-module gutentor-container-cover\"><div class=\"grid-container\">\n<div style=\"height:85px\" aria-hidden=\"true\" class=\"wp-block-spacer\"><\/div>\n\n\n\n<div class=\"wp-block-columns is-layout-flex wp-container-core-columns-is-layout-9d6595d7 wp-block-columns-is-layout-flex\">\n<div class=\"wp-block-column is-layout-flow wp-block-column-is-layout-flow\">\n<h2 class=\"wp-block-heading\">Philosophie<\/h2>\n\n\n\n<p>Maria\u2018s K\u00fcchenhandwerk steht f\u00fcr handgemachte Qualit\u00e4t aus der Region. Die Produkte werden in kleinen Chargen aus saisonalen, regionalen Zutaten mit viel Liebe und Sorgfalt hergestellt. Marias Philosophie ist es, den authentischen Geschmack der Natur in all ihren Kreationen einzufangen. Nachhaltigkeit und der bewusste Umgang mit Ressourcen stehen dabei an erster Stelle. Jedes Glas und jede Packung sind ein St\u00fcck Heimat \u2013 voll von den nat\u00fcrlichen Aromen der Wachauer Fr\u00fcchte und dem Geschmack echter Handarbeit.<\/p>\n<\/div>\n\n\n\n<div class=\"wp-block-column is-layout-flow wp-block-column-is-layout-flow\">\n<figure class=\"wp-block-image size-full is-resized has-custom-border\"><img loading=\"lazy\" decoding=\"async\" width=\"900\" height=\"1200\" src=\"https:\/\/kuechenhandwerk.com\/wp-content\/uploads\/2025\/04\/20240630_130021-rotated.jpg\" alt=\"\" class=\"wp-image-79\" style=\"border-radius:45px;width:507px;height:auto\" srcset=\"https:\/\/kuechenhandwerk.com\/wp-content\/uploads\/2025\/04\/20240630_130021-rotated.jpg 900w, https:\/\/kuechenhandwerk.com\/wp-content\/uploads\/2025\/04\/20240630_130021-225x300.jpg 225w, https:\/\/kuechenhandwerk.com\/wp-content\/uploads\/2025\/04\/20240630_130021-768x1024.jpg 768w\" sizes=\"auto, (max-width: 900px) 100vw, 900px\" \/><\/figure>\n<\/div>\n<\/div>\n\n\n\n<div style=\"height:85px\" aria-hidden=\"true\" class=\"wp-block-spacer\"><\/div>\n<\/div><\/section>\n<\/div><\/section>\n\n\n\n<section id=\"g-7dk7hk4\" class=\"wp-block-gutentor-m3 alignfull section-g-7dk7hk4 gutentor-module gutentor-container-cover has-image-bg has-custom-bg\"><div class=\"grid-container gutentor-rm-ct-space-d gutentor-rm-ct-space-t gutentor-rm-ct-space\">\n<section id=\"g-hwook91\" class=\"wp-block-gutentor-m3 section-g-hwook91 gutentor-module gutentor-container-cover\"><div class=\"grid-container\">\n<div style=\"height:100px\" aria-hidden=\"true\" class=\"wp-block-spacer\"><\/div>\n\n\n\n<figure class=\"wp-block-gallery alignwide has-nested-images columns-4 is-cropped uag-masonry has-lightbox uagb-block-a6726fc7 wp-block-gallery-1 is-layout-flex wp-block-gallery-is-layout-flex\">\n<figure class=\"wp-block-image alignwide size-large\"><img loading=\"lazy\" decoding=\"async\" width=\"768\" height=\"1024\" data-id=\"87\" src=\"https:\/\/kuechenhandwerk.com\/wp-content\/uploads\/2025\/04\/20240702_133814-768x1024.jpg\" alt=\"\" class=\"wp-image-87\" srcset=\"https:\/\/kuechenhandwerk.com\/wp-content\/uploads\/2025\/04\/20240702_133814-768x1024.jpg 768w, https:\/\/kuechenhandwerk.com\/wp-content\/uploads\/2025\/04\/20240702_133814-225x300.jpg 225w, https:\/\/kuechenhandwerk.com\/wp-content\/uploads\/2025\/04\/20240702_133814-rotated.jpg 900w\" sizes=\"auto, (max-width: 768px) 100vw, 768px\" \/><\/figure>\n\n\n\n<figure class=\"wp-block-image size-large\"><img loading=\"lazy\" decoding=\"async\" width=\"768\" height=\"1024\" data-id=\"83\" src=\"https:\/\/kuechenhandwerk.com\/wp-content\/uploads\/2025\/04\/20240630_132705-768x1024.jpg\" alt=\"\" class=\"wp-image-83\" srcset=\"https:\/\/kuechenhandwerk.com\/wp-content\/uploads\/2025\/04\/20240630_132705-768x1024.jpg 768w, https:\/\/kuechenhandwerk.com\/wp-content\/uploads\/2025\/04\/20240630_132705-225x300.jpg 225w, https:\/\/kuechenhandwerk.com\/wp-content\/uploads\/2025\/04\/20240630_132705-rotated.jpg 900w\" sizes=\"auto, (max-width: 768px) 100vw, 768px\" \/><\/figure>\n\n\n\n<figure class=\"wp-block-image size-large\"><img loading=\"lazy\" decoding=\"async\" width=\"768\" height=\"1024\" data-id=\"74\" src=\"https:\/\/kuechenhandwerk.com\/wp-content\/uploads\/2025\/04\/20240522_143611-1-768x1024.jpg\" alt=\"\" class=\"wp-image-74\" srcset=\"https:\/\/kuechenhandwerk.com\/wp-content\/uploads\/2025\/04\/20240522_143611-1-768x1024.jpg 768w, https:\/\/kuechenhandwerk.com\/wp-content\/uploads\/2025\/04\/20240522_143611-1-225x300.jpg 225w, https:\/\/kuechenhandwerk.com\/wp-content\/uploads\/2025\/04\/20240522_143611-1-rotated.jpg 900w\" sizes=\"auto, (max-width: 768px) 100vw, 768px\" \/><\/figure>\n\n\n\n<figure class=\"wp-block-image size-large\"><img loading=\"lazy\" decoding=\"async\" width=\"768\" height=\"1024\" data-id=\"76\" src=\"https:\/\/kuechenhandwerk.com\/wp-content\/uploads\/2025\/04\/20240522_165924-1-768x1024.jpg\" alt=\"\" class=\"wp-image-76\" srcset=\"https:\/\/kuechenhandwerk.com\/wp-content\/uploads\/2025\/04\/20240522_165924-1-768x1024.jpg 768w, https:\/\/kuechenhandwerk.com\/wp-content\/uploads\/2025\/04\/20240522_165924-1-225x300.jpg 225w, https:\/\/kuechenhandwerk.com\/wp-content\/uploads\/2025\/04\/20240522_165924-1-rotated.jpg 900w\" sizes=\"auto, (max-width: 768px) 100vw, 768px\" \/><\/figure>\n\n\n\n<figure class=\"wp-block-image size-large\"><img loading=\"lazy\" decoding=\"async\" width=\"768\" height=\"1024\" data-id=\"79\" src=\"https:\/\/kuechenhandwerk.com\/wp-content\/uploads\/2025\/04\/20240630_130021-768x1024.jpg\" alt=\"\" class=\"wp-image-79\" srcset=\"https:\/\/kuechenhandwerk.com\/wp-content\/uploads\/2025\/04\/20240630_130021-768x1024.jpg 768w, https:\/\/kuechenhandwerk.com\/wp-content\/uploads\/2025\/04\/20240630_130021-225x300.jpg 225w, https:\/\/kuechenhandwerk.com\/wp-content\/uploads\/2025\/04\/20240630_130021-rotated.jpg 900w\" sizes=\"auto, (max-width: 768px) 100vw, 768px\" \/><\/figure>\n\n\n\n<figure class=\"wp-block-image size-large\"><img loading=\"lazy\" decoding=\"async\" width=\"768\" height=\"1024\" data-id=\"63\" src=\"https:\/\/kuechenhandwerk.com\/wp-content\/uploads\/2025\/04\/20240804_135702-1-768x1024.jpg\" alt=\"\" class=\"wp-image-63\" srcset=\"https:\/\/kuechenhandwerk.com\/wp-content\/uploads\/2025\/04\/20240804_135702-1-768x1024.jpg 768w, https:\/\/kuechenhandwerk.com\/wp-content\/uploads\/2025\/04\/20240804_135702-1-225x300.jpg 225w, https:\/\/kuechenhandwerk.com\/wp-content\/uploads\/2025\/04\/20240804_135702-1-rotated.jpg 900w\" sizes=\"auto, (max-width: 768px) 100vw, 768px\" \/><\/figure>\n\n\n\n<figure class=\"wp-block-image size-large\"><img loading=\"lazy\" decoding=\"async\" width=\"1024\" height=\"393\" data-id=\"59\" src=\"https:\/\/kuechenhandwerk.com\/wp-content\/uploads\/2025\/04\/20240705_191152-1-1024x393.jpg\" alt=\"\" class=\"wp-image-59\" srcset=\"https:\/\/kuechenhandwerk.com\/wp-content\/uploads\/2025\/04\/20240705_191152-1-1024x393.jpg 1024w, https:\/\/kuechenhandwerk.com\/wp-content\/uploads\/2025\/04\/20240705_191152-1-300x115.jpg 300w, https:\/\/kuechenhandwerk.com\/wp-content\/uploads\/2025\/04\/20240705_191152-1-768x294.jpg 768w, https:\/\/kuechenhandwerk.com\/wp-content\/uploads\/2025\/04\/20240705_191152-1.jpg 1200w\" sizes=\"auto, (max-width: 1024px) 100vw, 1024px\" \/><\/figure>\n\n\n\n<figure class=\"wp-block-image size-large\"><img loading=\"lazy\" decoding=\"async\" width=\"768\" height=\"1024\" data-id=\"73\" src=\"https:\/\/kuechenhandwerk.com\/wp-content\/uploads\/2025\/04\/20240522_143601-1-768x1024.jpg\" alt=\"\" class=\"wp-image-73\" srcset=\"https:\/\/kuechenhandwerk.com\/wp-content\/uploads\/2025\/04\/20240522_143601-1-768x1024.jpg 768w, https:\/\/kuechenhandwerk.com\/wp-content\/uploads\/2025\/04\/20240522_143601-1-225x300.jpg 225w, https:\/\/kuechenhandwerk.com\/wp-content\/uploads\/2025\/04\/20240522_143601-1-rotated.jpg 900w\" sizes=\"auto, (max-width: 768px) 100vw, 768px\" \/><\/figure>\n\n\n\n<figure class=\"wp-block-image size-large\"><img loading=\"lazy\" decoding=\"async\" width=\"1024\" height=\"768\" data-id=\"58\" src=\"https:\/\/kuechenhandwerk.com\/wp-content\/uploads\/2025\/04\/20240523_082459-1024x768.jpg\" alt=\"\" class=\"wp-image-58\" srcset=\"https:\/\/kuechenhandwerk.com\/wp-content\/uploads\/2025\/04\/20240523_082459-1024x768.jpg 1024w, https:\/\/kuechenhandwerk.com\/wp-content\/uploads\/2025\/04\/20240523_082459-300x225.jpg 300w, https:\/\/kuechenhandwerk.com\/wp-content\/uploads\/2025\/04\/20240523_082459-768x576.jpg 768w, https:\/\/kuechenhandwerk.com\/wp-content\/uploads\/2025\/04\/20240523_082459.jpg 1200w\" sizes=\"auto, (max-width: 1024px) 100vw, 1024px\" \/><\/figure>\n<\/figure>\n\n\n\n<div style=\"height:100px\" aria-hidden=\"true\" class=\"wp-block-spacer\"><\/div>\n<\/div><\/section>\n<\/div><\/section>\n\n\n\n<section id=\"g-343vloi\" class=\"wp-block-gutentor-m3 alignfull section-g-343vloi gutentor-module gutentor-container-cover has-image-bg has-custom-bg\"><div class=\"grid-container gutentor-rm-ct-space-d gutentor-rm-ct-space-t gutentor-rm-ct-space\">\n<section id=\"g-s3ka3qq\" class=\"wp-block-gutentor-m3 section-g-s3ka3qq gutentor-module gutentor-container-cover\"><div class=\"grid-container\">\n<div style=\"height:85px\" aria-hidden=\"true\" class=\"wp-block-spacer\"><\/div>\n\n\n\n<div class=\"wp-block-columns is-layout-flex wp-container-core-columns-is-layout-9d6595d7 wp-block-columns-is-layout-flex\">\n<div class=\"wp-block-column is-layout-flow wp-block-column-is-layout-flow\">\n<figure class=\"wp-block-image size-full is-resized has-custom-border\"><img loading=\"lazy\" decoding=\"async\" width=\"637\" height=\"1200\" src=\"https:\/\/kuechenhandwerk.com\/wp-content\/uploads\/2025\/04\/20240705_191300.jpg\" alt=\"\" class=\"wp-image-61\" style=\"border-radius:45px;width:507px;height:auto\" srcset=\"https:\/\/kuechenhandwerk.com\/wp-content\/uploads\/2025\/04\/20240705_191300.jpg 637w, https:\/\/kuechenhandwerk.com\/wp-content\/uploads\/2025\/04\/20240705_191300-159x300.jpg 159w, https:\/\/kuechenhandwerk.com\/wp-content\/uploads\/2025\/04\/20240705_191300-544x1024.jpg 544w\" sizes=\"auto, (max-width: 637px) 100vw, 637px\" \/><\/figure>\n<\/div>\n\n\n\n<div class=\"wp-block-column is-layout-flow wp-block-column-is-layout-flow\">\n<h2 class=\"wp-block-heading\">Produkte<\/h2>\n\n\n\n<p>Das Sortiment reicht weit \u00fcber die ber\u00fchmte Wachauer Marille hinaus. Neben den Klassikern wie Marillenmarmelade, -senf und -chutney gibt es auch K\u00f6stliches aus saftigen Kirschen, Feigen (aus dem eigenen Garten),<br>Erdbeeren, uvm. &#8211; Ob fruchtige Aufstriche, hausgemachte Bandnudeln<br>\u201eWachauer Teigwaren\u201c in verschiedenen Geschmacksrichtungen oder S\u00e4fte \u2013<br>sie alle zeichnen sich durch ihre nat\u00fcrlichen Zutaten und den  unverwechselbaren Geschmack der Wachau aus.<\/p>\n\n\n\n<p>Bei all den liebevoll von Hand zubereiteten Produkte gilt &#8211; So lange der Vorrat reicht!<\/p>\n<\/div>\n<\/div>\n\n\n\n<div style=\"height:85px\" aria-hidden=\"true\" class=\"wp-block-spacer\"><\/div>\n<\/div><\/section>\n<\/div><\/section>\n\n\n\n<section id=\"g-hlragvh\" class=\"wp-block-gutentor-m3 alignfull section-g-hlragvh gutentor-module gutentor-container-cover has-image-bg has-custom-bg\"><div class=\"grid-container gutentor-rm-ct-space-d gutentor-rm-ct-space-t gutentor-rm-ct-space\">\n<section id=\"g-h6fo4s8\" class=\"wp-block-gutentor-m3 section-g-h6fo4s8 gutentor-module gutentor-container-cover\"><div class=\"grid-container\"><\/div><\/section>\n<\/div><\/section>\n\n\n\n<section id=\"g-e11jjsg\" class=\"wp-block-gutentor-m3 alignfull section-g-e11jjsg gutentor-module gutentor-container-cover has-image-bg has-custom-bg\"><div class=\"grid-container gutentor-rm-ct-space-d gutentor-rm-ct-space-t gutentor-rm-ct-space\">\n<section id=\"g-zriissj\" class=\"wp-block-gutentor-m3 section-g-zriissj gutentor-module gutentor-container-cover\"><div class=\"grid-container\">\n<div style=\"height:52px\" aria-hidden=\"true\" class=\"wp-block-spacer\"><\/div>\n\n\n\n<p class=\"has-text-align-center has-nv-site-bg-color has-text-color has-link-color wp-elements-1e1c52cf6e3eea6c5b08d755be6b9180\"><strong>MARIA\u00b4S K\u00dcCHENHANDWERK<br>4*Hotel garni DONAUWIRT<\/strong><br>A-3610 Wei\u00dfenkichen i. d. Wachau &#8211; Wachaustra\u00dfe\u00a047\u00a0<br>\u00d6STERREICH<br><a href=\"mailto:maria@kuechenhandwerk.com\">maria@kuechenhandwerk.com<\/a><\/p>\n\n\n\n<div style=\"height:52px\" aria-hidden=\"true\" class=\"wp-block-spacer\"><\/div>\n<\/div><\/section>\n<\/div><\/section>\n\n\n\n<p><\/p>\n","protected":false},"excerpt":{"rendered":"","protected":false},"author":1,"featured_media":0,"parent":0,"menu_order":0,"comment_status":"closed","ping_status":"closed","template":"","meta":{"_coblocks_attr":"","_coblocks_dimensions":"","_coblocks_responsive_height":"","_coblocks_accordion_ie_support":"","_uag_custom_page_level_css":"","neve_meta_sidebar":"","neve_meta_container":"full-width","neve_meta_enable_content_width":"","neve_meta_content_width":0,"neve_meta_title_alignment":"","neve_meta_author_avatar":"","neve_post_elements_order":"","neve_meta_disable_header":"on","neve_meta_disable_footer":"on","neve_meta_disable_title":"on","_themeisle_gutenberg_block_has_review":false,"footnotes":""},"class_list":["post-8","page","type-page","status-publish","hentry"],"uagb_featured_image_src":{"full":false,"thumbnail":false,"medium":false,"medium_large":false,"large":false,"1536x1536":false,"2048x2048":false,"neve-blog":false},"uagb_author_info":{"display_name":"admin","author_link":"https:\/\/kuechenhandwerk.com\/?author=1"},"uagb_comment_info":0,"uagb_excerpt":null,"_links":{"self":[{"href":"https:\/\/kuechenhandwerk.com\/index.php?rest_route=\/wp\/v2\/pages\/8","targetHints":{"allow":["GET"]}}],"collection":[{"href":"https:\/\/kuechenhandwerk.com\/index.php?rest_route=\/wp\/v2\/pages"}],"about":[{"href":"https:\/\/kuechenhandwerk.com\/index.php?rest_route=\/wp\/v2\/types\/page"}],"author":[{"embeddable":true,"href":"https:\/\/kuechenhandwerk.com\/index.php?rest_route=\/wp\/v2\/users\/1"}],"replies":[{"embeddable":true,"href":"https:\/\/kuechenhandwerk.com\/index.php?rest_route=%2Fwp%2Fv2%2Fcomments&post=8"}],"version-history":[{"count":19,"href":"https:\/\/kuechenhandwerk.com\/index.php?rest_route=\/wp\/v2\/pages\/8\/revisions"}],"predecessor-version":[{"id":95,"href":"https:\/\/kuechenhandwerk.com\/index.php?rest_route=\/wp\/v2\/pages\/8\/revisions\/95"}],"wp:attachment":[{"href":"https:\/\/kuechenhandwerk.com\/index.php?rest_route=%2Fwp%2Fv2%2Fmedia&parent=8"}],"curies":[{"name":"wp","href":"https:\/\/api.w.org\/{rel}","templated":true}]}}